{"id":21,"date":"2020-04-23T17:07:06","date_gmt":"2020-04-23T15:07:06","guid":{"rendered":"https:\/\/csad-me.com\/?page_id=21"},"modified":"2020-04-23T17:12:53","modified_gmt":"2020-04-23T15:12:53","slug":"gdpr","status":"publish","type":"page","link":"https:\/\/csad-me.com\/index.php\/gdpr\/","title":{"rendered":"GDPR"},"content":{"rendered":"\n<p><strong>P\u0159\u00edloha \u010d. 4 \u2013 informace o ochran\u011b osobn\u00edch \u00fadaj\u016f pro z\u00e1kazn\u00edky a obchodn\u00ed partnery<\/strong><\/p>\n\n\n\n<p>Obecn\u00e9 na\u0159\u00edzen\u00ed na ochranu osobn\u00edch \u00fadaj\u016f neboli GDPR (General Data Protection Regulation) je ucelen\u00fdm souborem pravidel na ochranu dat v EU. C\u00edlem je h\u00e1jit co nejv\u00edce pr\u00e1va ob\u010dan\u016f EU proti neopr\u00e1vn\u011bn\u00e9mu zach\u00e1zen\u00ed s jejich daty a osobn\u00edmi \u00fadaji, d\u00e1t jim v\u011bt\u0161\u00ed kontrolu nad t\u00edm, co se s jejich daty d\u011bje.&nbsp; GDPR se dotkne ka\u017ed\u00e9ho, kdo shroma\u017e\u010fuje nebo zpracov\u00e1v\u00e1 osobn\u00ed \u00fadaje. \u00da\u010dinnosti nabyde v cel\u00e9 EU jednotn\u011b od 25. kv\u011btna 2018. V \u010cR nahrad\u00ed sou\u010dasnou pr\u00e1vn\u00ed \u00fapravu ochrany osobn\u00edch \u00fadaj\u016f v&nbsp;podob\u011b z\u00e1kona \u010d. 101\/2000 Sb., o ochran\u011b osobn\u00edch \u00fadaj\u016f.<\/p>\n\n\n\n<p>Ve spole\u010dnostech \u010cSAD M\u011bln\u00edk, a.s. a Servis Dopravn\u00ed Techniky, a.s. (d\u00e1le jen \u201eSpole\u010dnost\u201c) jsou osobn\u00ed \u00fadaje zpracov\u00e1v\u00e1ny v&nbsp;souladu s GDPR. Ka\u017ed\u00e9 zpracov\u00e1n\u00ed osobn\u00edch \u00fadaj\u016f je prov\u00e1d\u011bno pouze k&nbsp;p\u0159edem stanoven\u00e9mu \u00fa\u010delu a na z\u00e1klad\u011b relevantn\u00edho pr\u00e1vn\u00edho z\u00e1kladu. Spole\u010dnost p\u0159i tom db\u00e1 na pln\u011bn\u00ed z\u00e1kladn\u00edch princip\u016f, kter\u00fdmi jsou z\u00e1konnost, korektnost, transparentnost, \u00fa\u010delov\u00e9 omezen\u00ed, minimalizace \u00fadaj\u016f, p\u0159esnost, omezen\u00e9 ulo\u017een\u00ed, integrita a&nbsp;d\u016fv\u011brnost a odpov\u011bdnost spr\u00e1vce. Pravidla pro zpracov\u00e1n\u00ed osobn\u00edch \u00fadaj\u016f jsou definov\u00e1na v&nbsp;intern\u00edch sm\u011brnic\u00edch spole\u010dnosti.<\/p>\n\n\n\n<p>Ka\u017ed\u00fd ob\u010dan (tzv. subjekt \u00fadaj\u016f) m\u00e1 pr\u00e1vo na p\u0159\u00edstup k osobn\u00edm \u00fadaj\u016fm, kter\u00e9 se ho t\u00fdkaj\u00ed \u2013 m\u00e1 pr\u00e1vo si podat \u017e\u00e1dost o&nbsp;informaci, zda a v jak\u00e9m rozsahu jsou zpracov\u00e1v\u00e1ny jeho osobn\u00ed \u00fadaje ve Spole\u010dnosti. Spole\u010dnost mu poskytne kopie zpracov\u00e1n\u00ed osobn\u00edch \u00fadaj\u016f.<\/p>\n\n\n\n<p>Ka\u017ed\u00fd subjekt \u00fadaj\u016f m\u00e1 d\u00e1le pr\u00e1vo na v\u00fdmaz \u00fadaj\u016f, kter\u00e9 poskytl Spole\u010dnosti na z\u00e1klad\u011b souhlasu se&nbsp;zpracov\u00e1n\u00edm osobn\u00edch \u00fadaj\u016f, pr\u00e1vo na opravu osobn\u00edch \u00fadaj\u016f, kter\u00e9 jsou o n\u011bm zpracov\u00e1v\u00e1ny, pr\u00e1vo na n\u00e1mitku, tedy omezen\u00ed zpracov\u00e1n\u00ed \u00fadaj\u016f, kter\u00e9 poskytl Spole\u010dnosti na z\u00e1klad\u011b souhlasu se&nbsp;zpracov\u00e1n\u00edm osobn\u00edch \u00fadaj\u016f. V\u00fd\u0161e popsan\u00e1 pr\u00e1va jsou vy\u0159izov\u00e1na na p\u00edsemnou \u017e\u00e1dost subjektu \u00fadaj\u016f a&nbsp;proti ov\u011b\u0159en\u00ed p\u0159edan\u00fdch identifika\u010dn\u00edch dat, aby nemohlo doj\u00edt k&nbsp;zp\u0159\u00edstupn\u011bn\u00ed \u00fadaj\u016f jin\u00e9 osoby. Uvedenou \u017e\u00e1dost je mo\u017eno podat v&nbsp;provozovn\u011b spole\u010dnosti na adrese K&nbsp;P\u0159\u00edvozu 2604\/23, M\u011bln\u00edk.<\/p>\n\n\n\n<p>Pokud m\u00e1 subjekt \u00fadaj\u016f podez\u0159en\u00ed, \u017ee s&nbsp;jeho osobn\u00edmi \u00fadaji nen\u00ed nakl\u00e1d\u00e1no v&nbsp;souladu s&nbsp;platnou legislativou, m\u00e1 pr\u00e1vo na tuto skute\u010dnost upozornit z\u00e1stupce spole\u010dnosti na v\u00fd\u0161e uveden\u00e9 adrese. Pokud nedojde ani pak k&nbsp;n\u00e1prav\u011b, je subjekt \u00fadaj\u016f opr\u00e1vn\u011bn podat st\u00ed\u017enost k&nbsp;dozorov\u00e9mu org\u00e1nu, kter\u00fdm je \u00da\u0159ad pro ochranu osobn\u00edch \u00fadaj\u016f.<\/p>\n\n\n\n<p>&nbsp;&nbsp;&nbsp;&nbsp;&nbsp;&nbsp;&nbsp;&nbsp;&nbsp;&nbsp;&nbsp;&nbsp;&nbsp;&nbsp;&nbsp;&nbsp;&nbsp;&nbsp;&nbsp;&nbsp;&nbsp;&nbsp;&nbsp;&nbsp;&nbsp;&nbsp;&nbsp;&nbsp;&nbsp;&nbsp;&nbsp;&nbsp;&nbsp;&nbsp;&nbsp;&nbsp;&nbsp;&nbsp;&nbsp;&nbsp;&nbsp;&nbsp;&nbsp;&nbsp;&nbsp;&nbsp;&nbsp;&nbsp;&nbsp;&nbsp;&nbsp;&nbsp;&nbsp;&nbsp;&nbsp;&nbsp;&nbsp;&nbsp;&nbsp;&nbsp;&nbsp;&nbsp;&nbsp;&nbsp;&nbsp;&nbsp;&nbsp;&nbsp;&nbsp;&nbsp;&nbsp;&nbsp;&nbsp;&nbsp;&nbsp;&nbsp;&nbsp;&nbsp;&nbsp;&nbsp;&nbsp; Ing. Miloslav Studenovsk\u00fd<\/p>\n\n\n\n<p>&nbsp;&nbsp;&nbsp;&nbsp;&nbsp;&nbsp;&nbsp;&nbsp;&nbsp;&nbsp;&nbsp;&nbsp;&nbsp;&nbsp;&nbsp;&nbsp;&nbsp;&nbsp;&nbsp;&nbsp;&nbsp;&nbsp;&nbsp;&nbsp;&nbsp;&nbsp;&nbsp;&nbsp;&nbsp;&nbsp;&nbsp;&nbsp;&nbsp;&nbsp;&nbsp;&nbsp;&nbsp;&nbsp;&nbsp;&nbsp;&nbsp;&nbsp;&nbsp;&nbsp;&nbsp;&nbsp;&nbsp;&nbsp;&nbsp;&nbsp;&nbsp;&nbsp;&nbsp;&nbsp;&nbsp;&nbsp;&nbsp;&nbsp;&nbsp;&nbsp;&nbsp;&nbsp;&nbsp;&nbsp;&nbsp;&nbsp;&nbsp;&nbsp;&nbsp;&nbsp;&nbsp;&nbsp;&nbsp;&nbsp;&nbsp;&nbsp;&nbsp;&nbsp;&nbsp;&nbsp;&nbsp; p\u0159edseda p\u0159edstavenstva<\/p>\n","protected":false},"excerpt":{"rendered":"<p>P\u0159\u00edloha \u010d. 4 \u2013 informace o ochran\u011b osobn\u00edch \u00fadaj\u016f pro z\u00e1kazn\u00edky a obchodn\u00ed partnery Obecn\u00e9 na\u0159\u00edzen\u00ed na ochranu osobn\u00edch \u00fadaj\u016f neboli GDPR (General Data Protection Regulation) je ucelen\u00fdm souborem pravidel na ochranu dat v EU. C\u00edlem je h\u00e1jit co nejv\u00edce &hellip; <a href=\"https:\/\/csad-me.com\/index.php\/gdpr\/\">Cel\u00fd p\u0159\u00edsp\u011bvek <span class=\"meta-nav\">&rarr;<\/span><\/a><\/p>\n","protected":false},"author":1,"featured_media":0,"parent":0,"menu_order":0,"comment_status":"closed","ping_status":"closed","template":"","meta":{"footnotes":""},"class_list":["post-21","page","type-page","status-publish","hentry"],"_links":{"self":[{"href":"https:\/\/csad-me.com\/index.php\/wp-json\/wp\/v2\/pages\/21","targetHints":{"allow":["GET"]}}],"collection":[{"href":"https:\/\/csad-me.com\/index.php\/wp-json\/wp\/v2\/pages"}],"about":[{"href":"https:\/\/csad-me.com\/index.php\/wp-json\/wp\/v2\/types\/page"}],"author":[{"embeddable":true,"href":"https:\/\/csad-me.com\/index.php\/wp-json\/wp\/v2\/users\/1"}],"replies":[{"embeddable":true,"href":"https:\/\/csad-me.com\/index.php\/wp-json\/wp\/v2\/comments?post=21"}],"version-history":[{"count":2,"href":"https:\/\/csad-me.com\/index.php\/wp-json\/wp\/v2\/pages\/21\/revisions"}],"predecessor-version":[{"id":39,"href":"https:\/\/csad-me.com\/index.php\/wp-json\/wp\/v2\/pages\/21\/revisions\/39"}],"wp:attachment":[{"href":"https:\/\/csad-me.com\/index.php\/wp-json\/wp\/v2\/media?parent=21"}],"curies":[{"name":"wp","href":"https:\/\/api.w.org\/{rel}","templated":true}]}}