{"id":32,"date":"2020-04-23T17:09:01","date_gmt":"2020-04-23T15:09:01","guid":{"rendered":"https:\/\/csad-me.com\/?page_id=32"},"modified":"2020-04-23T17:10:20","modified_gmt":"2020-04-23T15:10:20","slug":"o-firme-2","status":"publish","type":"page","link":"https:\/\/csad-me.com\/","title":{"rendered":"O firm\u011b"},"content":{"rendered":"\n<p><strong>Historie firmy&nbsp; &nbsp;&nbsp;<\/strong><\/p>\n\n\n\n<p>Firma pokra\u010duje v t\u00e9m\u011b\u0159 pades\u00e1tilet\u00e9 tradici v oboru dopravy st\u00e1tn\u00edho podniku \u010cSAD KNV Praha, dopravn\u00ed z\u00e1vod 108 M\u011bln\u00edk. Spole\u010dnost \u010cSAD M\u011bln\u00edk, a.s. se transformovala 01.07.1997 z \u010cSAD-AB s.r.o.. kter\u00e1 vznikla privatizac\u00ed st\u00e1tn\u00edho podniku v roce 1993. N\u00e1\u0161 modern\u00ed vozov\u00fd park s pr\u016fm\u011brn\u00fdm st\u00e1\u0159\u00edm vozidel 1,5 roku snese ta nejp\u0159\u00edsn\u011bj\u0161\u00ed evropsk\u00e1 m\u011b\u0159\u00edtka. Vozidla jsou vybavena satelitn\u00edm sledovac\u00edm syst\u00e9mem. Zodpov\u011bdn\u00e9 a spolehliv\u00e9 os\u00e1dky t\u011bchto vozidel jsou nav\u00edc vybaveny mobiln\u00edmi telefony a \u0159\u00edzeny kvalifikovan\u00fdm managementem.<\/p>\n\n\n\n<p>Doprav\u00edme Va\u0161e produkty bezpe\u010dn\u011b k jak\u00e9mukoliv c\u00edli v \u010cesk\u00e9 republice i v Evrop\u011b. Na\u0161\u00ed nejsiln\u011bj\u0161\u00ed relac\u00ed v MKD je severn\u00ed a st\u0159edn\u00ed It\u00e1lie.<\/p>\n\n\n\n<p>V italsk\u00e9m Fiume Veneto (PN) funguje na\u0161e fili\u00e1lka, kter\u00e1 operativn\u011b zaji\u0161\u0165uje p\u0159\u00e1n\u00ed z\u00e1kazn\u00edk\u016f s maxim\u00e1ln\u00ed p\u00e9\u010d\u00ed a profesionalitou.<\/p>\n\n\n\n<p>Na\u0161e spole\u010dnost je sm\u011brov\u00e1na k neust\u00e1l\u00e9mu zdokonalov\u00e1n\u00ed poskytovan\u00fdch slu\u017eeb.<\/p>\n\n\n\n<p><strong>Syst\u00e9m \u0159\u00edzen\u00ed kvality&nbsp;ISO&nbsp;&nbsp;&nbsp;&nbsp;&nbsp;&nbsp;&nbsp;<\/strong><\/p>\n\n\n\n<p>V kv\u011btnu 2005 byl v na\u0161\u00ed&nbsp; firm\u011b, spole\u010dnost\u00ed Lloyd\u2019s Register Quality Assurance, certifikov\u00e1n Syst\u00e9m \u0159\u00edzen\u00ed kvality dle ISO 9001:2000. V&nbsp;roce 2017 jsme do syst\u00e9mu implementovali novelizovanou normu ISO 9001:2015 a syst\u00e9m byl kv\u011btnu 2017, op\u011bt spole\u010dnost\u00ed Lloyd\u2019s Register Quality Assurance, \u00fasp\u011b\u0161n\u011b recertifikov\u00e1n.<\/p>\n\n\n\n<p><strong>Profesn\u00ed zp\u016fsobilost \u0159idi\u010d\u016f&nbsp;<\/strong><\/p>\n\n\n\n<p>Na\u0161i \u0159idi\u010di ka\u017edoro\u010dn\u011b absolvuj\u00ed&nbsp;<a href=\"http:\/\/skoleni.prodopravce.cz\/skoleni-ridicu\">pravideln\u00e1 \u0161kolen\u00ed \u0159idi\u010d\u016f<\/a>&nbsp;ve v\u0161ech pot\u0159ebn\u00fdch oblastech na vysok\u00e9 \u00farovni ve&nbsp;<a href=\"http:\/\/skoleni.prodopravce.cz\/\">\u0161kolic\u00edm st\u0159edisku \u010cESMAD BOHEMIA<\/a><\/p>\n","protected":false},"excerpt":{"rendered":"<p>Historie firmy&nbsp; &nbsp;&nbsp; Firma pokra\u010duje v t\u00e9m\u011b\u0159 pades\u00e1tilet\u00e9 tradici v oboru dopravy st\u00e1tn\u00edho podniku \u010cSAD KNV Praha, dopravn\u00ed z\u00e1vod 108 M\u011bln\u00edk. Spole\u010dnost \u010cSAD M\u011bln\u00edk, a.s. se transformovala 01.07.1997 z \u010cSAD-AB s.r.o.. kter\u00e1 vznikla privatizac\u00ed st\u00e1tn\u00edho podniku v roce 1993. N\u00e1\u0161 &hellip; <a href=\"https:\/\/csad-me.com\/\">Cel\u00fd p\u0159\u00edsp\u011bvek <span class=\"meta-nav\">&rarr;<\/span><\/a><\/p>\n","protected":false},"author":1,"featured_media":0,"parent":0,"menu_order":0,"comment_status":"closed","ping_status":"closed","template":"","meta":{"footnotes":""},"class_list":["post-32","page","type-page","status-publish","hentry"],"_links":{"self":[{"href":"https:\/\/csad-me.com\/index.php\/wp-json\/wp\/v2\/pages\/32","targetHints":{"allow":["GET"]}}],"collection":[{"href":"https:\/\/csad-me.com\/index.php\/wp-json\/wp\/v2\/pages"}],"about":[{"href":"https:\/\/csad-me.com\/index.php\/wp-json\/wp\/v2\/types\/page"}],"author":[{"embeddable":true,"href":"https:\/\/csad-me.com\/index.php\/wp-json\/wp\/v2\/users\/1"}],"replies":[{"embeddable":true,"href":"https:\/\/csad-me.com\/index.php\/wp-json\/wp\/v2\/comments?post=32"}],"version-history":[{"count":2,"href":"https:\/\/csad-me.com\/index.php\/wp-json\/wp\/v2\/pages\/32\/revisions"}],"predecessor-version":[{"id":35,"href":"https:\/\/csad-me.com\/index.php\/wp-json\/wp\/v2\/pages\/32\/revisions\/35"}],"wp:attachment":[{"href":"https:\/\/csad-me.com\/index.php\/wp-json\/wp\/v2\/media?parent=32"}],"curies":[{"name":"wp","href":"https:\/\/api.w.org\/{rel}","templated":true}]}}